
{"id":2586,"date":"2025-06-12T21:44:51","date_gmt":"2025-06-12T18:44:51","guid":{"rendered":"https:\/\/razaki.net\/?page_id=2586"},"modified":"2025-06-12T22:25:50","modified_gmt":"2025-06-12T19:25:50","slug":"graphx","status":"publish","type":"page","link":"https:\/\/razaki.net\/index.php\/graphx\/","title":{"rendered":"graphx"},"content":{"rendered":"\t\t<div data-elementor-type=\"wp-page\" data-elementor-id=\"2586\" class=\"elementor elementor-2586\">\n\t\t\t\t\t\t<section class=\"elementor-section elementor-top-section elementor-element elementor-element-0bfe63a elementor-section-full_width elementor-section-stretched elementor-section-height-default elementor-section-height-default\" data-id=\"0bfe63a\" data-element_type=\"section\" data-e-type=\"section\" data-settings=\"{&quot;stretch_section&quot;:&quot;section-stretched&quot;,&quot;tmea_shape_divider_top&quot;:&quot;none&quot;,&quot;tmea_shape_divider_bottom&quot;:&quot;none&quot;}\">\n\t\t\t\t\t\t<div class=\"elementor-container elementor-column-gap-default\">\n\t\t\t\t\t<div class=\"elementor-column elementor-col-100 elementor-top-column elementor-element elementor-element-377bf67\" data-id=\"377bf67\" data-element_type=\"column\" data-e-type=\"column\">\n\t\t\t<div class=\"elementor-widget-wrap elementor-element-populated\">\n\t\t\t\t\t\t<div class=\"elementor-element elementor-element-01343c4 elementor-widget elementor-widget-heading\" data-id=\"01343c4\" data-element_type=\"widget\" data-e-type=\"widget\" data-widget_type=\"heading.default\">\n\t\t\t\t<div class=\"elementor-widget-container\">\n\t\t\t\t\t<h2 class=\"elementor-heading-title elementor-size-default\">Hava \u00c7ekimi<\/h2>\t\t\t\t<\/div>\n\t\t\t\t<\/div>\n\t\t\t\t<div class=\"elementor-element elementor-element-2a8c4ea elementor-widget elementor-widget-image\" data-id=\"2a8c4ea\" data-element_type=\"widget\" data-e-type=\"widget\" data-widget_type=\"image.default\">\n\t\t\t\t<div class=\"elementor-widget-container\">\n\t\t\t\t\t\t\t\t\t\t\t\t\t\t\t<img fetchpriority=\"high\" decoding=\"async\" width=\"1920\" height=\"288\" src=\"https:\/\/razaki.net\/wp-content\/uploads\/2025\/06\/3.webp\" class=\"attachment-full size-full wp-image-2598\" alt=\"\" srcset=\"https:\/\/razaki.net\/wp-content\/uploads\/2025\/06\/3.webp 1920w, https:\/\/razaki.net\/wp-content\/uploads\/2025\/06\/3-300x45.webp 300w, https:\/\/razaki.net\/wp-content\/uploads\/2025\/06\/3-1024x154.webp 1024w, https:\/\/razaki.net\/wp-content\/uploads\/2025\/06\/3-768x115.webp 768w, https:\/\/razaki.net\/wp-content\/uploads\/2025\/06\/3-1536x230.webp 1536w, https:\/\/razaki.net\/wp-content\/uploads\/2025\/06\/3-1200x180.webp 1200w, https:\/\/razaki.net\/wp-content\/uploads\/2025\/06\/3-700x105.webp 700w, https:\/\/razaki.net\/wp-content\/uploads\/2025\/06\/3-500x75.webp 500w\" sizes=\"(max-width: 1920px) 100vw, 1920px\" \/>\t\t\t\t\t\t\t\t\t\t\t\t\t\t\t<\/div>\n\t\t\t\t<\/div>\n\t\t\t\t<div class=\"elementor-element elementor-element-0a8c81e elementor-widget elementor-widget-spacer\" data-id=\"0a8c81e\" data-element_type=\"widget\" data-e-type=\"widget\" data-widget_type=\"spacer.default\">\n\t\t\t\t<div class=\"elementor-widget-container\">\n\t\t\t\t\t\t\t<div class=\"elementor-spacer\">\n\t\t\t<div class=\"elementor-spacer-inner\"><\/div>\n\t\t<\/div>\n\t\t\t\t\t\t<\/div>\n\t\t\t\t<\/div>\n\t\t\t\t<div class=\"elementor-element elementor-element-6fff09c elementor-widget elementor-widget-heading\" data-id=\"6fff09c\" data-element_type=\"widget\" data-e-type=\"widget\" data-widget_type=\"heading.default\">\n\t\t\t\t<div class=\"elementor-widget-container\">\n\t\t\t\t\t<h2 class=\"elementor-heading-title elementor-size-default\">\u00dcr\u00fcn Foto\u011fraf\u0131<\/h2>\t\t\t\t<\/div>\n\t\t\t\t<\/div>\n\t\t\t\t<div class=\"elementor-element elementor-element-d0077cc elementor-widget elementor-widget-image\" data-id=\"d0077cc\" data-element_type=\"widget\" data-e-type=\"widget\" data-widget_type=\"image.default\">\n\t\t\t\t<div class=\"elementor-widget-container\">\n\t\t\t\t\t\t\t\t\t\t\t\t\t\t\t<img fetchpriority=\"high\" decoding=\"async\" width=\"1920\" height=\"288\" src=\"https:\/\/razaki.net\/wp-content\/uploads\/2025\/06\/3.webp\" class=\"attachment-full size-full wp-image-2598\" alt=\"\" srcset=\"https:\/\/razaki.net\/wp-content\/uploads\/2025\/06\/3.webp 1920w, https:\/\/razaki.net\/wp-content\/uploads\/2025\/06\/3-300x45.webp 300w, https:\/\/razaki.net\/wp-content\/uploads\/2025\/06\/3-1024x154.webp 1024w, https:\/\/razaki.net\/wp-content\/uploads\/2025\/06\/3-768x115.webp 768w, https:\/\/razaki.net\/wp-content\/uploads\/2025\/06\/3-1536x230.webp 1536w, https:\/\/razaki.net\/wp-content\/uploads\/2025\/06\/3-1200x180.webp 1200w, https:\/\/razaki.net\/wp-content\/uploads\/2025\/06\/3-700x105.webp 700w, https:\/\/razaki.net\/wp-content\/uploads\/2025\/06\/3-500x75.webp 500w\" sizes=\"(max-width: 1920px) 100vw, 1920px\" \/>\t\t\t\t\t\t\t\t\t\t\t\t\t\t\t<\/div>\n\t\t\t\t<\/div>\n\t\t\t\t\t<\/div>\n\t\t<\/div>\n\t\t\t\t\t<\/div>\n\t\t<\/section>\n\t\t\t\t<section class=\"elementor-section elementor-top-section elementor-element elementor-element-f090f62 elementor-section-boxed elementor-section-height-default elementor-section-height-default\" data-id=\"f090f62\" data-element_type=\"section\" data-e-type=\"section\" data-settings=\"{&quot;tmea_shape_divider_top&quot;:&quot;none&quot;,&quot;tmea_shape_divider_bottom&quot;:&quot;none&quot;}\">\n\t\t\t\t\t\t<div class=\"elementor-container elementor-column-gap-default\">\n\t\t\t\t\t<div class=\"elementor-column elementor-col-100 elementor-top-column elementor-element elementor-element-c465960\" data-id=\"c465960\" data-element_type=\"column\" data-e-type=\"column\">\n\t\t\t<div class=\"elementor-widget-wrap\">\n\t\t\t\t\t\t\t<\/div>\n\t\t<\/div>\n\t\t\t\t\t<\/div>\n\t\t<\/section>\n\t\t\t\t<\/div>\n\t\t","protected":false},"excerpt":{"rendered":"<p>Hava \u00c7ekimi \u00dcr\u00fcn Foto\u011fraf\u0131<\/p>\n","protected":false},"author":1,"featured_media":0,"parent":0,"menu_order":0,"comment_status":"closed","ping_status":"closed","template":"elementor_canvas","meta":{"_monsterinsights_skip_tracking":false,"_monsterinsights_sitenote_active":false,"_monsterinsights_sitenote_note":"","_monsterinsights_sitenote_category":0,"footnotes":""},"class_list":["post-2586","page","type-page","status-publish","hentry"],"yoast_head":"<!-- This site is optimized with the Yoast SEO plugin v27.5 - https:\/\/yoast.com\/product\/yoast-seo-wordpress\/ -->\n<title>graphx - ilker razaki<\/title>\n<meta name=\"robots\" content=\"index, follow, max-snippet:-1, max-image-preview:large, max-video-preview:-1\" \/>\n<link rel=\"canonical\" href=\"https:\/\/razaki.net\/index.php\/graphx\/\" \/>\n<meta property=\"og:locale\" content=\"tr_TR\" \/>\n<meta property=\"og:type\" content=\"article\" \/>\n<meta property=\"og:title\" content=\"graphx - ilker razaki\" \/>\n<meta property=\"og:description\" content=\"Hava \u00c7ekimi \u00dcr\u00fcn Foto\u011fraf\u0131\" \/>\n<meta property=\"og:url\" content=\"https:\/\/razaki.net\/index.php\/graphx\/\" \/>\n<meta property=\"og:site_name\" content=\"ilker razaki\" \/>\n<meta property=\"article:modified_time\" content=\"2025-06-12T19:25:50+00:00\" \/>\n<meta property=\"og:image\" content=\"https:\/\/razaki.net\/wp-content\/uploads\/2025\/06\/3.webp\" \/>\n\t<meta property=\"og:image:width\" content=\"1920\" \/>\n\t<meta property=\"og:image:height\" content=\"288\" \/>\n\t<meta property=\"og:image:type\" content=\"image\/webp\" \/>\n<meta name=\"twitter:card\" content=\"summary_large_image\" \/>\n<meta name=\"twitter:label1\" content=\"Tahmini okuma s\u00fcresi\" \/>\n\t<meta name=\"twitter:data1\" content=\"1 dakika\" \/>\n<script type=\"application\/ld+json\" class=\"yoast-schema-graph\">{\"@context\":\"https:\\\/\\\/schema.org\",\"@graph\":[{\"@type\":\"WebPage\",\"@id\":\"https:\\\/\\\/razaki.net\\\/index.php\\\/graphx\\\/\",\"url\":\"https:\\\/\\\/razaki.net\\\/index.php\\\/graphx\\\/\",\"name\":\"graphx - ilker razaki\",\"isPartOf\":{\"@id\":\"https:\\\/\\\/razaki.net\\\/#website\"},\"primaryImageOfPage\":{\"@id\":\"https:\\\/\\\/razaki.net\\\/index.php\\\/graphx\\\/#primaryimage\"},\"image\":{\"@id\":\"https:\\\/\\\/razaki.net\\\/index.php\\\/graphx\\\/#primaryimage\"},\"thumbnailUrl\":\"https:\\\/\\\/razaki.net\\\/wp-content\\\/uploads\\\/2025\\\/06\\\/3.webp\",\"datePublished\":\"2025-06-12T18:44:51+00:00\",\"dateModified\":\"2025-06-12T19:25:50+00:00\",\"breadcrumb\":{\"@id\":\"https:\\\/\\\/razaki.net\\\/index.php\\\/graphx\\\/#breadcrumb\"},\"inLanguage\":\"tr\",\"potentialAction\":[{\"@type\":\"ReadAction\",\"target\":[\"https:\\\/\\\/razaki.net\\\/index.php\\\/graphx\\\/\"]}]},{\"@type\":\"ImageObject\",\"inLanguage\":\"tr\",\"@id\":\"https:\\\/\\\/razaki.net\\\/index.php\\\/graphx\\\/#primaryimage\",\"url\":\"https:\\\/\\\/razaki.net\\\/wp-content\\\/uploads\\\/2025\\\/06\\\/3.webp\",\"contentUrl\":\"https:\\\/\\\/razaki.net\\\/wp-content\\\/uploads\\\/2025\\\/06\\\/3.webp\",\"width\":1920,\"height\":288},{\"@type\":\"BreadcrumbList\",\"@id\":\"https:\\\/\\\/razaki.net\\\/index.php\\\/graphx\\\/#breadcrumb\",\"itemListElement\":[{\"@type\":\"ListItem\",\"position\":1,\"name\":\"Anasayfa\",\"item\":\"https:\\\/\\\/razaki.net\\\/\"},{\"@type\":\"ListItem\",\"position\":2,\"name\":\"graphx\"}]},{\"@type\":\"WebSite\",\"@id\":\"https:\\\/\\\/razaki.net\\\/#website\",\"url\":\"https:\\\/\\\/razaki.net\\\/\",\"name\":\"ilker razaki\",\"description\":\"Motion Graphic Designer\",\"publisher\":{\"@id\":\"https:\\\/\\\/razaki.net\\\/#\\\/schema\\\/person\\\/df05fde7c155b266b1eb5abacd77d8cd\"},\"potentialAction\":[{\"@type\":\"SearchAction\",\"target\":{\"@type\":\"EntryPoint\",\"urlTemplate\":\"https:\\\/\\\/razaki.net\\\/?s={search_term_string}\"},\"query-input\":{\"@type\":\"PropertyValueSpecification\",\"valueRequired\":true,\"valueName\":\"search_term_string\"}}],\"inLanguage\":\"tr\"},{\"@type\":[\"Person\",\"Organization\"],\"@id\":\"https:\\\/\\\/razaki.net\\\/#\\\/schema\\\/person\\\/df05fde7c155b266b1eb5abacd77d8cd\",\"name\":\"admin\",\"image\":{\"@type\":\"ImageObject\",\"inLanguage\":\"tr\",\"@id\":\"https:\\\/\\\/razaki.net\\\/wp-content\\\/uploads\\\/2022\\\/08\\\/cropped-Fav.png\",\"url\":\"https:\\\/\\\/razaki.net\\\/wp-content\\\/uploads\\\/2022\\\/08\\\/cropped-Fav.png\",\"contentUrl\":\"https:\\\/\\\/razaki.net\\\/wp-content\\\/uploads\\\/2022\\\/08\\\/cropped-Fav.png\",\"width\":512,\"height\":512,\"caption\":\"admin\"},\"logo\":{\"@id\":\"https:\\\/\\\/razaki.net\\\/wp-content\\\/uploads\\\/2022\\\/08\\\/cropped-Fav.png\"},\"sameAs\":[\"http:\\\/\\\/razaki.net\",\"https:\\\/\\\/www.linkedin.com\\\/in\\\/ilker-razaki\\\/\",\"https:\\\/\\\/www.youtube.com\\\/c\\\/ilkerrazaki\\\/videos\"]}]}<\/script>\n<!-- \/ Yoast SEO plugin. -->","yoast_head_json":{"title":"graphx - ilker razaki","robots":{"index":"index","follow":"follow","max-snippet":"max-snippet:-1","max-image-preview":"max-image-preview:large","max-video-preview":"max-video-preview:-1"},"canonical":"https:\/\/razaki.net\/index.php\/graphx\/","og_locale":"tr_TR","og_type":"article","og_title":"graphx - ilker razaki","og_description":"Hava \u00c7ekimi \u00dcr\u00fcn Foto\u011fraf\u0131","og_url":"https:\/\/razaki.net\/index.php\/graphx\/","og_site_name":"ilker razaki","article_modified_time":"2025-06-12T19:25:50+00:00","og_image":[{"width":1920,"height":288,"url":"https:\/\/razaki.net\/wp-content\/uploads\/2025\/06\/3.webp","type":"image\/webp"}],"twitter_card":"summary_large_image","twitter_misc":{"Tahmini okuma s\u00fcresi":"1 dakika"},"schema":{"@context":"https:\/\/schema.org","@graph":[{"@type":"WebPage","@id":"https:\/\/razaki.net\/index.php\/graphx\/","url":"https:\/\/razaki.net\/index.php\/graphx\/","name":"graphx - ilker razaki","isPartOf":{"@id":"https:\/\/razaki.net\/#website"},"primaryImageOfPage":{"@id":"https:\/\/razaki.net\/index.php\/graphx\/#primaryimage"},"image":{"@id":"https:\/\/razaki.net\/index.php\/graphx\/#primaryimage"},"thumbnailUrl":"https:\/\/razaki.net\/wp-content\/uploads\/2025\/06\/3.webp","datePublished":"2025-06-12T18:44:51+00:00","dateModified":"2025-06-12T19:25:50+00:00","breadcrumb":{"@id":"https:\/\/razaki.net\/index.php\/graphx\/#breadcrumb"},"inLanguage":"tr","potentialAction":[{"@type":"ReadAction","target":["https:\/\/razaki.net\/index.php\/graphx\/"]}]},{"@type":"ImageObject","inLanguage":"tr","@id":"https:\/\/razaki.net\/index.php\/graphx\/#primaryimage","url":"https:\/\/razaki.net\/wp-content\/uploads\/2025\/06\/3.webp","contentUrl":"https:\/\/razaki.net\/wp-content\/uploads\/2025\/06\/3.webp","width":1920,"height":288},{"@type":"BreadcrumbList","@id":"https:\/\/razaki.net\/index.php\/graphx\/#breadcrumb","itemListElement":[{"@type":"ListItem","position":1,"name":"Anasayfa","item":"https:\/\/razaki.net\/"},{"@type":"ListItem","position":2,"name":"graphx"}]},{"@type":"WebSite","@id":"https:\/\/razaki.net\/#website","url":"https:\/\/razaki.net\/","name":"ilker razaki","description":"Motion Graphic Designer","publisher":{"@id":"https:\/\/razaki.net\/#\/schema\/person\/df05fde7c155b266b1eb5abacd77d8cd"},"potentialAction":[{"@type":"SearchAction","target":{"@type":"EntryPoint","urlTemplate":"https:\/\/razaki.net\/?s={search_term_string}"},"query-input":{"@type":"PropertyValueSpecification","valueRequired":true,"valueName":"search_term_string"}}],"inLanguage":"tr"},{"@type":["Person","Organization"],"@id":"https:\/\/razaki.net\/#\/schema\/person\/df05fde7c155b266b1eb5abacd77d8cd","name":"admin","image":{"@type":"ImageObject","inLanguage":"tr","@id":"https:\/\/razaki.net\/wp-content\/uploads\/2022\/08\/cropped-Fav.png","url":"https:\/\/razaki.net\/wp-content\/uploads\/2022\/08\/cropped-Fav.png","contentUrl":"https:\/\/razaki.net\/wp-content\/uploads\/2022\/08\/cropped-Fav.png","width":512,"height":512,"caption":"admin"},"logo":{"@id":"https:\/\/razaki.net\/wp-content\/uploads\/2022\/08\/cropped-Fav.png"},"sameAs":["http:\/\/razaki.net","https:\/\/www.linkedin.com\/in\/ilker-razaki\/","https:\/\/www.youtube.com\/c\/ilkerrazaki\/videos"]}]}},"_links":{"self":[{"href":"https:\/\/razaki.net\/index.php\/wp-json\/wp\/v2\/pages\/2586","targetHints":{"allow":["GET"]}}],"collection":[{"href":"https:\/\/razaki.net\/index.php\/wp-json\/wp\/v2\/pages"}],"about":[{"href":"https:\/\/razaki.net\/index.php\/wp-json\/wp\/v2\/types\/page"}],"author":[{"embeddable":true,"href":"https:\/\/razaki.net\/index.php\/wp-json\/wp\/v2\/users\/1"}],"replies":[{"embeddable":true,"href":"https:\/\/razaki.net\/index.php\/wp-json\/wp\/v2\/comments?post=2586"}],"version-history":[{"count":13,"href":"https:\/\/razaki.net\/index.php\/wp-json\/wp\/v2\/pages\/2586\/revisions"}],"predecessor-version":[{"id":2604,"href":"https:\/\/razaki.net\/index.php\/wp-json\/wp\/v2\/pages\/2586\/revisions\/2604"}],"wp:attachment":[{"href":"https:\/\/razaki.net\/index.php\/wp-json\/wp\/v2\/media?parent=2586"}],"curies":[{"name":"wp","href":"https:\/\/api.w.org\/{rel}","templated":true}]}}